{"id":7184,"date":"2026-03-11T10:54:26","date_gmt":"2026-03-11T10:54:26","guid":{"rendered":"https:\/\/minciospace.at\/?page_id=7184"},"modified":"2026-03-18T09:08:45","modified_gmt":"2026-03-18T09:08:45","slug":"projekt-soil","status":"publish","type":"page","link":"https:\/\/minciospace.at\/en\/projekt-soil\/","title":{"rendered":"SOIL"},"content":{"rendered":"<div data-elementor-type=\"wp-page\" data-elementor-id=\"7184\" class=\"elementor elementor-7184\" data-elementor-post-type=\"page\">\n\t\t\t\t\t\t<section class=\"elementor-section elementor-top-section elementor-element elementor-element-7e8cd91 elementor-section-boxed elementor-section-height-default elementor-section-height-default\" data-id=\"7e8cd91\" data-element_type=\"section\">\n\t\t\t\t\t\t<div class=\"elementor-container elementor-column-gap-default\">\n\t\t\t\t\t<div class=\"elementor-column elementor-col-100 elementor-top-column elementor-element elementor-element-f710272\" data-id=\"f710272\" data-element_type=\"column\">\n\t\t\t<div class=\"elementor-widget-wrap elementor-element-populated\">\n\t\t\t\t\t\t<div class=\"elementor-element elementor-element-2070799 elementor-widget elementor-widget-text-editor\" data-id=\"2070799\" data-element_type=\"widget\" data-widget_type=\"text-editor.default\">\n\t\t\t\t<div class=\"elementor-widget-container\">\n\t\t\t\t\t\t\t\t\t<p><strong>Eigenproduktion<\/strong><\/p>\t\t\t\t\t\t\t\t<\/div>\n\t\t\t\t<\/div>\n\t\t\t\t<div class=\"elementor-element elementor-element-4e201f3 elementor-widget elementor-widget-heading\" data-id=\"4e201f3\" data-element_type=\"widget\" data-widget_type=\"heading.default\">\n\t\t\t\t<div class=\"elementor-widget-container\">\n\t\t\t\t\t<h2 class=\"elementor-heading-title elementor-size-default\">Ensemble SOIL<\/h2>\t\t\t\t<\/div>\n\t\t\t\t<\/div>\n\t\t\t\t<div class=\"elementor-element elementor-element-306e105 elementor-widget-divider--view-line elementor-widget elementor-widget-divider\" data-id=\"306e105\" data-element_type=\"widget\" data-widget_type=\"divider.default\">\n\t\t\t\t<div class=\"elementor-widget-container\">\n\t\t\t\t\t\t\t<div class=\"elementor-divider\">\n\t\t\t<span class=\"elementor-divider-separator\">\n\t\t\t\t\t\t<\/span>\n\t\t<\/div>\n\t\t\t\t\t\t<\/div>\n\t\t\t\t<\/div>\n\t\t\t\t\t<\/div>\n\t\t<\/div>\n\t\t\t\t\t<\/div>\n\t\t<\/section>\n\t\t\t\t<section class=\"elementor-section elementor-top-section elementor-element elementor-element-5b9bdbc elementor-section-boxed elementor-section-height-default elementor-section-height-default\" data-id=\"5b9bdbc\" data-element_type=\"section\">\n\t\t\t\t\t\t<div class=\"elementor-container elementor-column-gap-default\">\n\t\t\t\t\t<div class=\"elementor-column elementor-col-100 elementor-top-column elementor-element elementor-element-2ee4986\" data-id=\"2ee4986\" data-element_type=\"column\">\n\t\t\t<div class=\"elementor-widget-wrap elementor-element-populated\">\n\t\t\t\t\t\t<div class=\"elementor-element elementor-element-f44e2f4 elementor-widget elementor-widget-heading\" data-id=\"f44e2f4\" data-element_type=\"widget\" data-widget_type=\"heading.default\">\n\t\t\t\t<div class=\"elementor-widget-container\">\n\t\t\t\t\t<h2 class=\"elementor-heading-title elementor-size-default\">Ensemble SOIL | Ein interdisziplin\u00e4res Musikprojekt zu Boden, \u00d6kologie und unterirdischen Netzwerken<\/h2>\t\t\t\t<\/div>\n\t\t\t\t<\/div>\n\t\t\t\t<div class=\"elementor-element elementor-element-6631952 elementor-widget elementor-widget-text-editor\" data-id=\"6631952\" data-element_type=\"widget\" data-widget_type=\"text-editor.default\">\n\t\t\t\t<div class=\"elementor-widget-container\">\n\t\t\t\t\t\t\t\t\t<p class=\"p1\"><b>SOIL <\/b>ist ein interdisziplin\u00e4res Ensembleprojekt an der Schnittstelle von zeitgen\u00f6ssischer Musik, Lichtkunst, elektronischen Medien und naturwissenschaftlicher Forschung mit Schwerpunkt auf Boden\u00f6kologie. Die Mitglieder von Ensemble SOIL sind Teil\u00a0 des minciospace_ Arbeitskreises und bestehen aus:<\/p>\t\t\t\t\t\t\t\t<\/div>\n\t\t\t\t<\/div>\n\t\t\t\t<div class=\"elementor-element elementor-element-029eead elementor-widget elementor-widget-text-editor\" data-id=\"029eead\" data-element_type=\"widget\" data-widget_type=\"text-editor.default\">\n\t\t\t\t<div class=\"elementor-widget-container\">\n\t\t\t\t\t\t\t\t\t<p style=\"text-align: center;\"><span style=\"color: #ff0000;\"><strong>Flora Gei\u00dfelbrecht<\/strong><\/span><br \/>Viola, Komposition<\/p><p style=\"text-align: center;\"><span style=\"color: #ff0000;\"><strong>Anna Koch<\/strong><\/span><br \/>Bassklarinette, Komposition<\/p><p style=\"text-align: center;\"><span style=\"color: #ff0000;\"><strong>Ralph Mothwurf<\/strong><\/span><br \/>E-Gitarre, Electronics, Komposition<\/p><p style=\"text-align: center;\"><span style=\"color: #ff0000;\"><strong>David Six<\/strong><\/span><br \/>Piano, Keys, Percussion, Komposition<\/p><p style=\"text-align: center;\"><span style=\"color: #ff0000;\"><strong>Simon Z\u00f6chbauer<\/strong><\/span><br \/>Trompete, Komposition<\/p>\t\t\t\t\t\t\t\t<\/div>\n\t\t\t\t<\/div>\n\t\t\t\t<div class=\"elementor-element elementor-element-c8b918b elementor-arrows-position-inside elementor-pagination-position-outside elementor-widget elementor-widget-image-carousel\" data-id=\"c8b918b\" data-element_type=\"widget\" data-settings=\"{&quot;navigation&quot;:&quot;both&quot;,&quot;autoplay&quot;:&quot;yes&quot;,&quot;pause_on_hover&quot;:&quot;yes&quot;,&quot;pause_on_interaction&quot;:&quot;yes&quot;,&quot;autoplay_speed&quot;:5000,&quot;infinite&quot;:&quot;yes&quot;,&quot;speed&quot;:500}\" data-widget_type=\"image-carousel.default\">\n\t\t\t\t<div class=\"elementor-widget-container\">\n\t\t\t\t\t\t\t<div class=\"elementor-image-carousel-wrapper swiper\" role=\"region\" aria-roledescription=\"carousel\" aria-label=\"Bild Karussell\" dir=\"ltr\">\n\t\t\t<div class=\"elementor-image-carousel swiper-wrapper\" aria-live=\"off\">\n\t\t\t\t\t\t\t\t<div class=\"swiper-slide\" role=\"group\" aria-roledescription=\"slide\" aria-label=\"1 of 8\" data-no-translation-aria-label=\"\"><figure class=\"swiper-slide-inner\"><img decoding=\"async\" class=\"swiper-slide-image\" src=\"https:\/\/minciospace.at\/wp\/wp-content\/uploads\/2025\/07\/\u00a9Viktoria_Hofmarcher_SOIL_250507_1129-600x600.jpg\" alt=\"SOIL\" \/><\/figure><\/div><div class=\"swiper-slide\" role=\"group\" aria-roledescription=\"slide\" aria-label=\"2 of 8\" data-no-translation-aria-label=\"\"><figure class=\"swiper-slide-inner\"><img decoding=\"async\" class=\"swiper-slide-image\" src=\"https:\/\/minciospace.at\/wp\/wp-content\/uploads\/2025\/07\/\u00a9Viktoria_Hofmarcher_SOIL_250507_1110-600x600.jpg\" alt=\"\u00a9Viktoria_Hofmarcher_SOIL\" \/><\/figure><\/div><div class=\"swiper-slide\" role=\"group\" aria-roledescription=\"slide\" aria-label=\"3 of 8\" data-no-translation-aria-label=\"\"><figure class=\"swiper-slide-inner\"><img decoding=\"async\" class=\"swiper-slide-image\" src=\"https:\/\/minciospace.at\/wp\/wp-content\/uploads\/2025\/07\/\u00a9Viktoria_Hofmarcher_SOIL_250507_1100-600x600.jpg\" alt=\"SOIL\" \/><\/figure><\/div><div class=\"swiper-slide\" role=\"group\" aria-roledescription=\"slide\" aria-label=\"4 of 8\" data-no-translation-aria-label=\"\"><figure class=\"swiper-slide-inner\"><img decoding=\"async\" class=\"swiper-slide-image\" src=\"https:\/\/minciospace.at\/wp\/wp-content\/uploads\/2025\/07\/\u00a9Viktoria_Hofmarcher_SOIL_250507_0798-600x600.jpg\" alt=\"SOIL\" \/><\/figure><\/div><div class=\"swiper-slide\" role=\"group\" aria-roledescription=\"slide\" aria-label=\"5 of 8\" data-no-translation-aria-label=\"\"><figure class=\"swiper-slide-inner\"><img decoding=\"async\" class=\"swiper-slide-image\" src=\"https:\/\/minciospace.at\/wp\/wp-content\/uploads\/2025\/07\/\u00a9Viktoria_Hofmarcher_SOIL_250507_0794-600x600.jpg\" alt=\"SOIL\" \/><\/figure><\/div><div class=\"swiper-slide\" role=\"group\" aria-roledescription=\"slide\" aria-label=\"6 of 8\" data-no-translation-aria-label=\"\"><figure class=\"swiper-slide-inner\"><img decoding=\"async\" class=\"swiper-slide-image\" src=\"https:\/\/minciospace.at\/wp\/wp-content\/uploads\/2025\/07\/\u00a9Viktoria_Hofmarcher_SOIL_250507_0651-600x600.jpg\" alt=\"SOIL\" \/><\/figure><\/div><div class=\"swiper-slide\" role=\"group\" aria-roledescription=\"slide\" aria-label=\"7 of 8\" data-no-translation-aria-label=\"\"><figure class=\"swiper-slide-inner\"><img decoding=\"async\" class=\"swiper-slide-image\" src=\"https:\/\/minciospace.at\/wp\/wp-content\/uploads\/2025\/07\/\u00a9Viktoria_Hofmarcher_SOIL_250507_0347-600x600.jpg\" alt=\"SOIL\" \/><\/figure><\/div><div class=\"swiper-slide\" role=\"group\" aria-roledescription=\"slide\" aria-label=\"8 of 8\" data-no-translation-aria-label=\"\"><figure class=\"swiper-slide-inner\"><img decoding=\"async\" class=\"swiper-slide-image\" src=\"https:\/\/minciospace.at\/wp\/wp-content\/uploads\/2025\/07\/\u00a9Viktoria_Hofmarcher_SOIL_250507_0181-600x600.jpg\" alt=\"SOIL\" \/><\/figure><\/div>\t\t\t<\/div>\n\t\t\t\t\t\t\t\t\t\t\t\t<div class=\"elementor-swiper-button elementor-swiper-button-prev\" role=\"button\" tabindex=\"0\">\n\t\t\t\t\t\t<i aria-hidden=\"true\" class=\"eicon-chevron-left\"><\/i>\t\t\t\t\t<\/div>\n\t\t\t\t\t<div class=\"elementor-swiper-button elementor-swiper-button-next\" role=\"button\" tabindex=\"0\">\n\t\t\t\t\t\t<i aria-hidden=\"true\" class=\"eicon-chevron-right\"><\/i>\t\t\t\t\t<\/div>\n\t\t\t\t\n\t\t\t\t\t\t\t\t\t<div class=\"swiper-pagination\"><\/div>\n\t\t\t\t\t\t\t\t\t<\/div>\n\t\t\t\t\t\t<\/div>\n\t\t\t\t<\/div>\n\t\t\t\t<div class=\"elementor-element elementor-element-34e0dfe elementor-align-center elementor-widget elementor-widget-button\" data-id=\"34e0dfe\" data-element_type=\"widget\" data-widget_type=\"button.default\">\n\t\t\t\t<div class=\"elementor-widget-container\">\n\t\t\t\t\t\t\t\t\t<div class=\"elementor-button-wrapper\">\n\t\t\t\t\t<a class=\"elementor-button elementor-button-link elementor-size-sm\" href=\"mailto:welcome@minciospace.at\">\n\t\t\t\t\t\t<span class=\"elementor-button-content-wrapper\">\n\t\t\t\t\t\t\t\t\t<span class=\"elementor-button-text\">Request<\/span>\n\t\t\t\t\t<\/span>\n\t\t\t\t\t<\/a>\n\t\t\t\t<\/div>\n\t\t\t\t\t\t\t\t<\/div>\n\t\t\t\t<\/div>\n\t\t\t\t<div class=\"elementor-element elementor-element-46e34b2 elementor-widget elementor-widget-heading\" data-id=\"46e34b2\" data-element_type=\"widget\" data-widget_type=\"heading.default\">\n\t\t\t\t<div class=\"elementor-widget-container\">\n\t\t\t\t\t<h3 class=\"elementor-heading-title elementor-size-default\">Kommende Events von SOIL<\/h3>\t\t\t\t<\/div>\n\t\t\t\t<\/div>\n\t\t\t\t<div class=\"elementor-element elementor-element-e984cd7 elementor-widget elementor-widget-text-editor\" data-id=\"e984cd7\" data-element_type=\"widget\" data-widget_type=\"text-editor.default\">\n\t\t\t\t<div class=\"elementor-widget-container\">\n\t\t\t\t\t\t\t\t\t<p class=\"p1\"><b>23. &amp; 24. Mai | <\/b>Klang:Wanderung, Kleinh\u00f6flein bei Retz im Rahmen des WEIN\/4-Festivals 2026<br \/><b>23. Oktober | <\/b>Showing #4, minciospace_<\/p>\t\t\t\t\t\t\t\t<\/div>\n\t\t\t\t<\/div>\n\t\t\t\t<div class=\"elementor-element elementor-element-540aa39 elementor-widget elementor-widget-video\" data-id=\"540aa39\" data-element_type=\"widget\" data-settings=\"{&quot;youtube_url&quot;:&quot;https:\\\/\\\/youtu.be\\\/Prfuf2f0dj8?si=DvmC6UnAJStaGUac&quot;,&quot;video_type&quot;:&quot;youtube&quot;,&quot;controls&quot;:&quot;yes&quot;}\" data-widget_type=\"video.default\">\n\t\t\t\t<div class=\"elementor-widget-container\">\n\t\t\t\t\t\t\t<div class=\"elementor-wrapper elementor-open-inline\">\n\t\t\t<div class=\"elementor-video\"><\/div>\t\t<\/div>\n\t\t\t\t\t\t<\/div>\n\t\t\t\t<\/div>\n\t\t\t\t<div class=\"elementor-element elementor-element-8c70142 elementor-widget elementor-widget-text-editor\" data-id=\"8c70142\" data-element_type=\"widget\" data-widget_type=\"text-editor.default\">\n\t\t\t\t<div class=\"elementor-widget-container\">\n\t\t\t\t\t\t\t\t\t<p>S\u00e4mtliche Presse-Informationen sowie Bild-Material zum Ensemble SOIL erhalten Sie <a href=\"https:\/\/minciospace.at\/wp\/wp-content\/uploads\/2026\/03\/Presse-Ensemble-SOIL.zip\"><span style=\"text-decoration: underline;\">hier<\/span><\/a> zum kostenlosen Downloaden.<\/p>\t\t\t\t\t\t\t\t<\/div>\n\t\t\t\t<\/div>\n\t\t\t\t<div class=\"elementor-element elementor-element-2344c61 elementor-arrows-position-inside elementor-pagination-position-outside elementor-widget elementor-widget-image-carousel\" data-id=\"2344c61\" data-element_type=\"widget\" data-settings=\"{&quot;navigation&quot;:&quot;both&quot;,&quot;autoplay&quot;:&quot;yes&quot;,&quot;pause_on_hover&quot;:&quot;yes&quot;,&quot;pause_on_interaction&quot;:&quot;yes&quot;,&quot;autoplay_speed&quot;:5000,&quot;infinite&quot;:&quot;yes&quot;,&quot;speed&quot;:500}\" data-widget_type=\"image-carousel.default\">\n\t\t\t\t<div class=\"elementor-widget-container\">\n\t\t\t\t\t\t\t<div class=\"elementor-image-carousel-wrapper swiper\" role=\"region\" aria-roledescription=\"carousel\" aria-label=\"Bild Karussell\" dir=\"ltr\">\n\t\t\t<div class=\"elementor-image-carousel swiper-wrapper\" aria-live=\"off\">\n\t\t\t\t\t\t\t\t<div class=\"swiper-slide\" role=\"group\" aria-roledescription=\"slide\" aria-label=\"1 of 8\" data-no-translation-aria-label=\"\"><figure class=\"swiper-slide-inner\"><img decoding=\"async\" class=\"swiper-slide-image\" src=\"https:\/\/minciospace.at\/wp\/wp-content\/uploads\/2026\/03\/20260127_134238-600x600.jpg\" alt=\"20260127_134238\" \/><\/figure><\/div><div class=\"swiper-slide\" role=\"group\" aria-roledescription=\"slide\" aria-label=\"2 of 8\" data-no-translation-aria-label=\"\"><figure class=\"swiper-slide-inner\"><img decoding=\"async\" class=\"swiper-slide-image\" src=\"https:\/\/minciospace.at\/wp\/wp-content\/uploads\/2026\/03\/20260127_140447-1-600x600.jpg\" alt=\"20260127_140447 (1)\" \/><\/figure><\/div><div class=\"swiper-slide\" role=\"group\" aria-roledescription=\"slide\" aria-label=\"3 of 8\" data-no-translation-aria-label=\"\"><figure class=\"swiper-slide-inner\"><img decoding=\"async\" class=\"swiper-slide-image\" src=\"https:\/\/minciospace.at\/wp\/wp-content\/uploads\/2026\/03\/20260127_134224-600x600.jpg\" alt=\"20260127_134224\" \/><\/figure><\/div><div class=\"swiper-slide\" role=\"group\" aria-roledescription=\"slide\" aria-label=\"4 of 8\" data-no-translation-aria-label=\"\"><figure class=\"swiper-slide-inner\"><img decoding=\"async\" class=\"swiper-slide-image\" src=\"https:\/\/minciospace.at\/wp\/wp-content\/uploads\/2026\/03\/20260127_140623-600x600.jpg\" alt=\"20260127_140623\" \/><\/figure><\/div><div class=\"swiper-slide\" role=\"group\" aria-roledescription=\"slide\" aria-label=\"5 of 8\" data-no-translation-aria-label=\"\"><figure class=\"swiper-slide-inner\"><img decoding=\"async\" class=\"swiper-slide-image\" src=\"https:\/\/minciospace.at\/wp\/wp-content\/uploads\/2026\/03\/20260127_141414-600x600.jpg\" alt=\"20260127_141414\" \/><\/figure><\/div><div class=\"swiper-slide\" role=\"group\" aria-roledescription=\"slide\" aria-label=\"6 of 8\" data-no-translation-aria-label=\"\"><figure class=\"swiper-slide-inner\"><img decoding=\"async\" class=\"swiper-slide-image\" src=\"https:\/\/minciospace.at\/wp\/wp-content\/uploads\/2026\/03\/20260127_141419-600x600.jpg\" alt=\"20260127_141419\" \/><\/figure><\/div><div class=\"swiper-slide\" role=\"group\" aria-roledescription=\"slide\" aria-label=\"7 of 8\" data-no-translation-aria-label=\"\"><figure class=\"swiper-slide-inner\"><img decoding=\"async\" class=\"swiper-slide-image\" src=\"https:\/\/minciospace.at\/wp\/wp-content\/uploads\/2026\/03\/20260127_141520-600x600.jpg\" alt=\"20260127_141520\" \/><\/figure><\/div><div class=\"swiper-slide\" role=\"group\" aria-roledescription=\"slide\" aria-label=\"8 of 8\" data-no-translation-aria-label=\"\"><figure class=\"swiper-slide-inner\"><img decoding=\"async\" class=\"swiper-slide-image\" src=\"https:\/\/minciospace.at\/wp\/wp-content\/uploads\/2026\/03\/20260127_142205-Karoline-Suntingers-in-Konflikt-stehende-Kopie-2026-02-18-600x600.jpg\" alt=\"20260127_142205 (Karoline Suntingers in Konflikt stehende Kopie 2026-02-18)\" \/><\/figure><\/div>\t\t\t<\/div>\n\t\t\t\t\t\t\t\t\t\t\t\t<div class=\"elementor-swiper-button elementor-swiper-button-prev\" role=\"button\" tabindex=\"0\">\n\t\t\t\t\t\t<i aria-hidden=\"true\" class=\"eicon-chevron-left\"><\/i>\t\t\t\t\t<\/div>\n\t\t\t\t\t<div class=\"elementor-swiper-button elementor-swiper-button-next\" role=\"button\" tabindex=\"0\">\n\t\t\t\t\t\t<i aria-hidden=\"true\" class=\"eicon-chevron-right\"><\/i>\t\t\t\t\t<\/div>\n\t\t\t\t\n\t\t\t\t\t\t\t\t\t<div class=\"swiper-pagination\"><\/div>\n\t\t\t\t\t\t\t\t\t<\/div>\n\t\t\t\t\t\t<\/div>\n\t\t\t\t<\/div>\n\t\t\t\t\t<\/div>\n\t\t<\/div>\n\t\t\t\t\t<\/div>\n\t\t<\/section>\n\t\t\t\t<section class=\"elementor-section elementor-top-section elementor-element elementor-element-2257fa7 elementor-section-boxed elementor-section-height-default elementor-section-height-default\" data-id=\"2257fa7\" data-element_type=\"section\">\n\t\t\t\t\t\t<div class=\"elementor-container elementor-column-gap-default\">\n\t\t\t\t\t<div class=\"elementor-column elementor-col-33 elementor-top-column elementor-element elementor-element-ca206a7\" data-id=\"ca206a7\" data-element_type=\"column\">\n\t\t\t<div class=\"elementor-widget-wrap elementor-element-populated\">\n\t\t\t\t\t\t<div class=\"elementor-element elementor-element-0daa0ea elementor-widget elementor-widget-image\" data-id=\"0daa0ea\" data-element_type=\"widget\" data-widget_type=\"image.default\">\n\t\t\t\t<div class=\"elementor-widget-container\">\n\t\t\t\t\t\t\t\t\t\t\t\t\t\t\t<img fetchpriority=\"high\" decoding=\"async\" width=\"700\" height=\"209\" src=\"https:\/\/minciospace.at\/wp\/wp-content\/uploads\/2025\/05\/Logo-bmwkkms-transparent-1024x306.png\" class=\"attachment-large size-large wp-image-5724\" alt=\"\" srcset=\"https:\/\/minciospace.at\/wp\/wp-content\/uploads\/2025\/05\/Logo-bmwkkms-transparent-1024x306.png 1024w, https:\/\/minciospace.at\/wp\/wp-content\/uploads\/2025\/05\/Logo-bmwkkms-transparent-300x90.png 300w, https:\/\/minciospace.at\/wp\/wp-content\/uploads\/2025\/05\/Logo-bmwkkms-transparent-768x229.png 768w, https:\/\/minciospace.at\/wp\/wp-content\/uploads\/2025\/05\/Logo-bmwkkms-transparent-1536x459.png 1536w, https:\/\/minciospace.at\/wp\/wp-content\/uploads\/2025\/05\/Logo-bmwkkms-transparent-2048x611.png 2048w, https:\/\/minciospace.at\/wp\/wp-content\/uploads\/2025\/05\/Logo-bmwkkms-transparent-18x5.png 18w\" sizes=\"(max-width: 700px) 100vw, 700px\" \/>\t\t\t\t\t\t\t\t\t\t\t\t\t\t\t<\/div>\n\t\t\t\t<\/div>\n\t\t\t\t\t<\/div>\n\t\t<\/div>\n\t\t\t\t<div class=\"elementor-column elementor-col-33 elementor-top-column elementor-element elementor-element-22230eb\" data-id=\"22230eb\" data-element_type=\"column\">\n\t\t\t<div class=\"elementor-widget-wrap elementor-element-populated\">\n\t\t\t\t\t\t<div class=\"elementor-element elementor-element-7e74ec3 elementor-widget elementor-widget-image\" data-id=\"7e74ec3\" data-element_type=\"widget\" data-widget_type=\"image.default\">\n\t\t\t\t<div class=\"elementor-widget-container\">\n\t\t\t\t\t\t\t\t\t\t\t\t\t\t\t<img decoding=\"async\" width=\"700\" height=\"209\" src=\"https:\/\/minciospace.at\/wp\/wp-content\/uploads\/2025\/05\/Wappen-Stadt-Wien-transparent-1024x306.png\" class=\"attachment-large size-large wp-image-5726\" alt=\"\" srcset=\"https:\/\/minciospace.at\/wp\/wp-content\/uploads\/2025\/05\/Wappen-Stadt-Wien-transparent-1024x306.png 1024w, https:\/\/minciospace.at\/wp\/wp-content\/uploads\/2025\/05\/Wappen-Stadt-Wien-transparent-300x90.png 300w, https:\/\/minciospace.at\/wp\/wp-content\/uploads\/2025\/05\/Wappen-Stadt-Wien-transparent-768x229.png 768w, https:\/\/minciospace.at\/wp\/wp-content\/uploads\/2025\/05\/Wappen-Stadt-Wien-transparent-1536x459.png 1536w, https:\/\/minciospace.at\/wp\/wp-content\/uploads\/2025\/05\/Wappen-Stadt-Wien-transparent-2048x611.png 2048w, https:\/\/minciospace.at\/wp\/wp-content\/uploads\/2025\/05\/Wappen-Stadt-Wien-transparent-18x5.png 18w\" sizes=\"(max-width: 700px) 100vw, 700px\" \/>\t\t\t\t\t\t\t\t\t\t\t\t\t\t\t<\/div>\n\t\t\t\t<\/div>\n\t\t\t\t\t<\/div>\n\t\t<\/div>\n\t\t\t\t<div class=\"elementor-column elementor-col-33 elementor-top-column elementor-element elementor-element-449de5a\" data-id=\"449de5a\" data-element_type=\"column\">\n\t\t\t<div class=\"elementor-widget-wrap elementor-element-populated\">\n\t\t\t\t\t\t<div class=\"elementor-element elementor-element-37fcf19 elementor-widget elementor-widget-image\" data-id=\"37fcf19\" data-element_type=\"widget\" data-widget_type=\"image.default\">\n\t\t\t\t<div class=\"elementor-widget-container\">\n\t\t\t\t\t\t\t\t\t\t\t\t\t\t\t<img decoding=\"async\" width=\"700\" height=\"209\" src=\"https:\/\/minciospace.at\/wp\/wp-content\/uploads\/2025\/05\/Wappen-RHFH-transparent-1024x306.png\" class=\"attachment-large size-large wp-image-5725\" alt=\"\" srcset=\"https:\/\/minciospace.at\/wp\/wp-content\/uploads\/2025\/05\/Wappen-RHFH-transparent-1024x306.png 1024w, https:\/\/minciospace.at\/wp\/wp-content\/uploads\/2025\/05\/Wappen-RHFH-transparent-300x90.png 300w, https:\/\/minciospace.at\/wp\/wp-content\/uploads\/2025\/05\/Wappen-RHFH-transparent-768x229.png 768w, https:\/\/minciospace.at\/wp\/wp-content\/uploads\/2025\/05\/Wappen-RHFH-transparent-1536x459.png 1536w, https:\/\/minciospace.at\/wp\/wp-content\/uploads\/2025\/05\/Wappen-RHFH-transparent-2048x611.png 2048w, https:\/\/minciospace.at\/wp\/wp-content\/uploads\/2025\/05\/Wappen-RHFH-transparent-18x5.png 18w\" sizes=\"(max-width: 700px) 100vw, 700px\" \/>\t\t\t\t\t\t\t\t\t\t\t\t\t\t\t<\/div>\n\t\t\t\t<\/div>\n\t\t\t\t\t<\/div>\n\t\t<\/div>\n\t\t\t\t\t<\/div>\n\t\t<\/section>\n\t\t\t\t<\/div>","protected":false},"excerpt":{"rendered":"<p>Eigenproduktion Ensemble SOIL Ensemble SOIL | Ein interdisziplin\u00e4res Musikprojekt zu Boden, \u00d6kologie und unterirdischen Netzwerken SOIL ist ein interdisziplin\u00e4res Ensembleprojekt an der Schnittstelle von zeitgen\u00f6ssischer Musik, Lichtkunst, elektronischen Medien und [&hellip;]<\/p>","protected":false},"author":2,"featured_media":0,"parent":0,"menu_order":0,"comment_status":"closed","ping_status":"closed","template":"","meta":{"footnotes":""},"class_list":["post-7184","page","type-page","status-publish","hentry"],"_links":{"self":[{"href":"https:\/\/minciospace.at\/en\/wp-json\/wp\/v2\/pages\/7184","targetHints":{"allow":["GET"]}}],"collection":[{"href":"https:\/\/minciospace.at\/en\/wp-json\/wp\/v2\/pages"}],"about":[{"href":"https:\/\/minciospace.at\/en\/wp-json\/wp\/v2\/types\/page"}],"author":[{"embeddable":true,"href":"https:\/\/minciospace.at\/en\/wp-json\/wp\/v2\/users\/2"}],"replies":[{"embeddable":true,"href":"https:\/\/minciospace.at\/en\/wp-json\/wp\/v2\/comments?post=7184"}],"version-history":[{"count":25,"href":"https:\/\/minciospace.at\/en\/wp-json\/wp\/v2\/pages\/7184\/revisions"}],"predecessor-version":[{"id":7240,"href":"https:\/\/minciospace.at\/en\/wp-json\/wp\/v2\/pages\/7184\/revisions\/7240"}],"wp:attachment":[{"href":"https:\/\/minciospace.at\/en\/wp-json\/wp\/v2\/media?parent=7184"}],"curies":[{"name":"wp","href":"https:\/\/api.w.org\/{rel}","templated":true}]}}