{"id":5047,"date":"2025-04-14T08:43:13","date_gmt":"2025-04-14T08:43:13","guid":{"rendered":"https:\/\/minciospace.at\/?page_id=5047"},"modified":"2026-01-07T12:21:28","modified_gmt":"2026-01-07T12:21:28","slug":"unsere-idee-2","status":"publish","type":"page","link":"https:\/\/minciospace.at\/en\/unsere-idee-2\/","title":{"rendered":"Unsere Idee &#8211; Vision"},"content":{"rendered":"<div data-elementor-type=\"wp-page\" data-elementor-id=\"5047\" class=\"elementor elementor-5047\" data-elementor-post-type=\"page\">\n\t\t\t\t\t\t<section class=\"elementor-section elementor-top-section elementor-element elementor-element-67e7f26 elementor-section-boxed elementor-section-height-default elementor-section-height-default\" data-id=\"67e7f26\" data-element_type=\"section\">\n\t\t\t\t\t\t<div class=\"elementor-container elementor-column-gap-default\">\n\t\t\t\t\t<div class=\"elementor-column elementor-col-100 elementor-top-column elementor-element elementor-element-19f76cf\" data-id=\"19f76cf\" data-element_type=\"column\">\n\t\t\t<div class=\"elementor-widget-wrap elementor-element-populated\">\n\t\t\t\t\t\t<div class=\"elementor-element elementor-element-3e30d08 elementor-widget elementor-widget-text-editor\" data-id=\"3e30d08\" data-element_type=\"widget\" data-widget_type=\"text-editor.default\">\n\t\t\t\t<div class=\"elementor-widget-container\">\n\t\t\t\t\t\t\t\t\t<p><strong>minciospace_<\/strong><\/p>\t\t\t\t\t\t\t\t<\/div>\n\t\t\t\t<\/div>\n\t\t\t\t<div class=\"elementor-element elementor-element-3932903 elementor-widget elementor-widget-heading\" data-id=\"3932903\" data-element_type=\"widget\" data-widget_type=\"heading.default\">\n\t\t\t\t<div class=\"elementor-widget-container\">\n\t\t\t\t\t<h2 class=\"elementor-heading-title elementor-size-default\">FUTURE<\/h2>\t\t\t\t<\/div>\n\t\t\t\t<\/div>\n\t\t\t\t<div class=\"elementor-element elementor-element-f8cb8eb elementor-widget-divider--view-line elementor-widget elementor-widget-divider\" data-id=\"f8cb8eb\" data-element_type=\"widget\" data-widget_type=\"divider.default\">\n\t\t\t\t<div class=\"elementor-widget-container\">\n\t\t\t\t\t\t\t<div class=\"elementor-divider\">\n\t\t\t<span class=\"elementor-divider-separator\">\n\t\t\t\t\t\t<\/span>\n\t\t<\/div>\n\t\t\t\t\t\t<\/div>\n\t\t\t\t<\/div>\n\t\t\t\t<div class=\"elementor-element elementor-element-a56d316 elementor-widget elementor-widget-menu-anchor\" data-id=\"a56d316\" data-element_type=\"widget\" data-widget_type=\"menu-anchor.default\">\n\t\t\t\t<div class=\"elementor-widget-container\">\n\t\t\t\t\t\t\t<div class=\"elementor-menu-anchor\" id=\"Idee\"><\/div>\n\t\t\t\t\t\t<\/div>\n\t\t\t\t<\/div>\n\t\t\t\t\t<\/div>\n\t\t<\/div>\n\t\t\t\t\t<\/div>\n\t\t<\/section>\n\t\t\t\t<section class=\"elementor-section elementor-top-section elementor-element elementor-element-9e89202 elementor-section-boxed elementor-section-height-default elementor-section-height-default elementor-invisible\" data-id=\"9e89202\" data-element_type=\"section\" data-settings=\"{&quot;animation&quot;:&quot;fadeInDown&quot;}\">\n\t\t\t\t\t\t<div class=\"elementor-container elementor-column-gap-default\">\n\t\t\t\t\t<div class=\"elementor-column elementor-col-100 elementor-top-column elementor-element elementor-element-115e25b\" data-id=\"115e25b\" data-element_type=\"column\">\n\t\t\t<div class=\"elementor-widget-wrap elementor-element-populated\">\n\t\t\t\t\t\t<div class=\"elementor-element elementor-element-adb0697 elementor-widget elementor-widget-text-editor\" data-id=\"adb0697\" data-element_type=\"widget\" data-widget_type=\"text-editor.default\">\n\t\t\t\t<div class=\"elementor-widget-container\">\n\t\t\t\t\t\t\t\t\t<p><strong>Future<\/strong><\/p>\t\t\t\t\t\t\t\t<\/div>\n\t\t\t\t<\/div>\n\t\t\t\t<div class=\"elementor-element elementor-element-9229723 elementor-widget elementor-widget-heading\" data-id=\"9229723\" data-element_type=\"widget\" data-widget_type=\"heading.default\">\n\t\t\t\t<div class=\"elementor-widget-container\">\n\t\t\t\t\t<h2 class=\"elementor-heading-title elementor-size-default\">Our Idea<\/h2>\t\t\t\t<\/div>\n\t\t\t\t<\/div>\n\t\t\t\t<div class=\"elementor-element elementor-element-a70eca4 elementor-widget elementor-widget-heading\" data-id=\"a70eca4\" data-element_type=\"widget\" data-widget_type=\"heading.default\">\n\t\t\t\t<div class=\"elementor-widget-container\">\n\t\t\t\t\t<h3 class=\"elementor-heading-title elementor-size-small\">We are driven by the vision of a high-quality, sustainable cultural building that fills a significant gap in Vienna's independent music scene. Our goal is to create an accessible, affordable and inspiring venue for artistic work that meets the highest standards and incorporates the idea of transforming the future in as many areas as possible.<\/h3>\t\t\t\t<\/div>\n\t\t\t\t<\/div>\n\t\t\t\t\t<\/div>\n\t\t<\/div>\n\t\t\t\t\t<\/div>\n\t\t<\/section>\n\t\t\t\t<section class=\"elementor-section elementor-top-section elementor-element elementor-element-c059f75 elementor-section-boxed elementor-section-height-default elementor-section-height-default\" data-id=\"c059f75\" data-element_type=\"section\">\n\t\t\t\t\t\t<div class=\"elementor-container elementor-column-gap-default\">\n\t\t\t\t\t<div class=\"elementor-column elementor-col-100 elementor-top-column elementor-element elementor-element-adee87d\" data-id=\"adee87d\" data-element_type=\"column\">\n\t\t\t<div class=\"elementor-widget-wrap elementor-element-populated\">\n\t\t\t\t\t\t<div class=\"elementor-element elementor-element-91ba8f7 elementor-widget elementor-widget-text-editor\" data-id=\"91ba8f7\" data-element_type=\"widget\" data-widget_type=\"text-editor.default\">\n\t\t\t\t<div class=\"elementor-widget-container\">\n\t\t\t\t\t\t\t\t\t<p><strong>Mit der Er\u00f6ffnung des minciospace_ wollen wir das Haus f\u00fcr die freien Szene in Wien werden: ein Ort mit professionellen Arbeitsr\u00e4umen und Studios sowie Raum f\u00fcr Begegnung, Austausch und k\u00fcnstlerische Experimente, in dem erforscht wird, wie sich Kunst und Gesellschaft gegenseitig positiv beeinflussen k\u00f6nnen.\u00a0<\/strong><\/p><p><strong>Together with the planning office Backraum Architektur and other experts, we are designing the plans for minciospace_ and will soon give you an insight into how things are progressing and when the renovation will start.<\/strong><\/p>\t\t\t\t\t\t\t\t<\/div>\n\t\t\t\t<\/div>\n\t\t\t\t\t<\/div>\n\t\t<\/div>\n\t\t\t\t\t<\/div>\n\t\t<\/section>\n\t\t\t\t<section class=\"elementor-section elementor-top-section elementor-element elementor-element-a9b22af elementor-section-boxed elementor-section-height-default elementor-section-height-default\" data-id=\"a9b22af\" data-element_type=\"section\">\n\t\t\t\t\t\t<div class=\"elementor-container elementor-column-gap-default\">\n\t\t\t\t\t<div class=\"elementor-column elementor-col-33 elementor-top-column elementor-element elementor-element-3ca98b3\" data-id=\"3ca98b3\" data-element_type=\"column\">\n\t\t\t<div class=\"elementor-widget-wrap elementor-element-populated\">\n\t\t\t\t\t\t<div class=\"elementor-element elementor-element-e74b60e elementor-widget elementor-widget-image\" data-id=\"e74b60e\" data-element_type=\"widget\" data-widget_type=\"image.default\">\n\t\t\t\t<div class=\"elementor-widget-container\">\n\t\t\t\t\t\t\t\t\t\t\t\t\t\t\t<img fetchpriority=\"high\" decoding=\"async\" width=\"700\" height=\"532\" src=\"https:\/\/minciospace.at\/wp\/wp-content\/uploads\/2025\/09\/Aussenperspektive-2-c-Backraum-Architektur-scaled-e1758534565342-1024x778.jpg\" class=\"attachment-large size-large wp-image-6447\" alt=\"\" srcset=\"https:\/\/minciospace.at\/wp\/wp-content\/uploads\/2025\/09\/Aussenperspektive-2-c-Backraum-Architektur-scaled-e1758534565342-1024x778.jpg 1024w, https:\/\/minciospace.at\/wp\/wp-content\/uploads\/2025\/09\/Aussenperspektive-2-c-Backraum-Architektur-scaled-e1758534565342-300x228.jpg 300w, https:\/\/minciospace.at\/wp\/wp-content\/uploads\/2025\/09\/Aussenperspektive-2-c-Backraum-Architektur-scaled-e1758534565342-768x584.jpg 768w, https:\/\/minciospace.at\/wp\/wp-content\/uploads\/2025\/09\/Aussenperspektive-2-c-Backraum-Architektur-scaled-e1758534565342-1536x1168.jpg 1536w, https:\/\/minciospace.at\/wp\/wp-content\/uploads\/2025\/09\/Aussenperspektive-2-c-Backraum-Architektur-scaled-e1758534565342-2048x1557.jpg 2048w, https:\/\/minciospace.at\/wp\/wp-content\/uploads\/2025\/09\/Aussenperspektive-2-c-Backraum-Architektur-scaled-e1758534565342-16x12.jpg 16w\" sizes=\"(max-width: 700px) 100vw, 700px\" \/>\t\t\t\t\t\t\t\t\t\t\t\t\t\t\t<\/div>\n\t\t\t\t<\/div>\n\t\t\t\t<div class=\"elementor-element elementor-element-83f910b elementor-widget elementor-widget-text-editor\" data-id=\"83f910b\" data-element_type=\"widget\" data-widget_type=\"text-editor.default\">\n\t\t\t\t<div class=\"elementor-widget-container\">\n\t\t\t\t\t\t\t\t\t<p>\u00a9 <a href=\"https:\/\/www.backraum.at\">Backraum Architektur<\/a><\/p>\t\t\t\t\t\t\t\t<\/div>\n\t\t\t\t<\/div>\n\t\t\t\t\t<\/div>\n\t\t<\/div>\n\t\t\t\t<div class=\"elementor-column elementor-col-33 elementor-top-column elementor-element elementor-element-5569f66\" data-id=\"5569f66\" data-element_type=\"column\">\n\t\t\t<div class=\"elementor-widget-wrap elementor-element-populated\">\n\t\t\t\t\t\t<div class=\"elementor-element elementor-element-d738320 elementor-widget elementor-widget-image\" data-id=\"d738320\" data-element_type=\"widget\" data-widget_type=\"image.default\">\n\t\t\t\t<div class=\"elementor-widget-container\">\n\t\t\t\t\t\t\t\t\t\t\t\t\t\t\t<img decoding=\"async\" width=\"700\" height=\"530\" src=\"https:\/\/minciospace.at\/wp\/wp-content\/uploads\/2025\/08\/Aussenperspektive-1-e1765796012923-1024x775.jpg\" class=\"attachment-large size-large wp-image-6367\" alt=\"\" srcset=\"https:\/\/minciospace.at\/wp\/wp-content\/uploads\/2025\/08\/Aussenperspektive-1-e1765796012923-1024x775.jpg 1024w, https:\/\/minciospace.at\/wp\/wp-content\/uploads\/2025\/08\/Aussenperspektive-1-e1765796012923-300x227.jpg 300w, https:\/\/minciospace.at\/wp\/wp-content\/uploads\/2025\/08\/Aussenperspektive-1-e1765796012923-768x581.jpg 768w, https:\/\/minciospace.at\/wp\/wp-content\/uploads\/2025\/08\/Aussenperspektive-1-e1765796012923-16x12.jpg 16w, https:\/\/minciospace.at\/wp\/wp-content\/uploads\/2025\/08\/Aussenperspektive-1-e1765796012923.jpg 1248w\" sizes=\"(max-width: 700px) 100vw, 700px\" \/>\t\t\t\t\t\t\t\t\t\t\t\t\t\t\t<\/div>\n\t\t\t\t<\/div>\n\t\t\t\t\t<\/div>\n\t\t<\/div>\n\t\t\t\t<div class=\"elementor-column elementor-col-33 elementor-top-column elementor-element elementor-element-405c978\" data-id=\"405c978\" data-element_type=\"column\">\n\t\t\t<div class=\"elementor-widget-wrap elementor-element-populated\">\n\t\t\t\t\t\t<div class=\"elementor-element elementor-element-e2c3d8e elementor-widget elementor-widget-image\" data-id=\"e2c3d8e\" data-element_type=\"widget\" data-widget_type=\"image.default\">\n\t\t\t\t<div class=\"elementor-widget-container\">\n\t\t\t\t\t\t\t\t\t\t\t\t\t\t\t<img decoding=\"async\" width=\"700\" height=\"533\" src=\"https:\/\/minciospace.at\/wp\/wp-content\/uploads\/2026\/01\/Innenperspektive-leer-1-1-e1767788360938-1024x780.png\" class=\"attachment-large size-large wp-image-6852\" alt=\"\" srcset=\"https:\/\/minciospace.at\/wp\/wp-content\/uploads\/2026\/01\/Innenperspektive-leer-1-1-e1767788360938-1024x780.png 1024w, https:\/\/minciospace.at\/wp\/wp-content\/uploads\/2026\/01\/Innenperspektive-leer-1-1-e1767788360938-300x229.png 300w, https:\/\/minciospace.at\/wp\/wp-content\/uploads\/2026\/01\/Innenperspektive-leer-1-1-e1767788360938-768x585.png 768w, https:\/\/minciospace.at\/wp\/wp-content\/uploads\/2026\/01\/Innenperspektive-leer-1-1-e1767788360938-1536x1171.png 1536w, https:\/\/minciospace.at\/wp\/wp-content\/uploads\/2026\/01\/Innenperspektive-leer-1-1-e1767788360938-2048x1561.png 2048w, https:\/\/minciospace.at\/wp\/wp-content\/uploads\/2026\/01\/Innenperspektive-leer-1-1-e1767788360938-16x12.png 16w\" sizes=\"(max-width: 700px) 100vw, 700px\" \/>\t\t\t\t\t\t\t\t\t\t\t\t\t\t\t<\/div>\n\t\t\t\t<\/div>\n\t\t\t\t\t<\/div>\n\t\t<\/div>\n\t\t\t\t\t<\/div>\n\t\t<\/section>\n\t\t\t\t<section class=\"elementor-section elementor-top-section elementor-element elementor-element-4e0bc3d elementor-section-stretched elementor-section-boxed elementor-section-height-default elementor-section-height-default\" data-id=\"4e0bc3d\" data-element_type=\"section\" data-settings=\"{&quot;stretch_section&quot;:&quot;section-stretched&quot;}\">\n\t\t\t\t\t\t<div class=\"elementor-container elementor-column-gap-default\">\n\t\t\t\t\t<div class=\"elementor-column elementor-col-100 elementor-top-column elementor-element elementor-element-dd032e9\" data-id=\"dd032e9\" data-element_type=\"column\">\n\t\t\t<div class=\"elementor-widget-wrap elementor-element-populated\">\n\t\t\t\t\t\t<div class=\"elementor-element elementor-element-4fa7061 elementor-widget elementor-widget-text-editor\" data-id=\"4fa7061\" data-element_type=\"widget\" data-widget_type=\"text-editor.default\">\n\t\t\t\t<div class=\"elementor-widget-container\">\n\t\t\t\t\t\t\t\t\t<p style=\"text-align: center;\"><strong>Our Vision<\/strong><\/p><ul><li>Leistbares, niederschwelliges und hochwertiges Raumangebot f\u00fcr K\u00fcnstler:innen<\/li><li>Space by artists for artists<\/li><li>Zuwendung zu gesellschaftsrelevanten Themen durch Kunst<\/li><li>Strengthen the exchange within the scene<\/li><li>Award residencies and thus structurally promote artistic development<\/li><li>Generate and impart knowledge between art, society, sustainability and the future<\/li><li>Den Gedanken der Transformation und Regeneration in allen Aspekten ins Zentrum r\u00fccken<\/li><li>Connect social participation, social change, and cultural work<\/li><\/ul>\t\t\t\t\t\t\t\t<\/div>\n\t\t\t\t<\/div>\n\t\t\t\t<div class=\"elementor-element elementor-element-e86a359 elementor-widget elementor-widget-heading\" data-id=\"e86a359\" data-element_type=\"widget\" data-widget_type=\"heading.default\">\n\t\t\t\t<div class=\"elementor-widget-container\">\n\t\t\t\t\t<h3 class=\"elementor-heading-title elementor-size-default\">Images from our current interim use<\/h3>\t\t\t\t<\/div>\n\t\t\t\t<\/div>\n\t\t\t\t\t<\/div>\n\t\t<\/div>\n\t\t\t\t\t<\/div>\n\t\t<\/section>\n\t\t\t\t<section class=\"elementor-section elementor-top-section elementor-element elementor-element-7c34909 elementor-section-boxed elementor-section-height-default elementor-section-height-default\" data-id=\"7c34909\" data-element_type=\"section\">\n\t\t\t\t\t\t<div class=\"elementor-container elementor-column-gap-default\">\n\t\t\t\t\t<div class=\"elementor-column elementor-col-100 elementor-top-column elementor-element elementor-element-b991bf1\" data-id=\"b991bf1\" data-element_type=\"column\">\n\t\t\t<div class=\"elementor-widget-wrap elementor-element-populated\">\n\t\t\t\t\t\t<div class=\"elementor-element elementor-element-17777fa elementor-skin-carousel elementor-arrows-yes elementor-pagination-type-bullets elementor-pagination-position-outside elementor-widget elementor-widget-media-carousel\" data-id=\"17777fa\" data-element_type=\"widget\" data-settings=\"{&quot;skin&quot;:&quot;carousel&quot;,&quot;effect&quot;:&quot;slide&quot;,&quot;show_arrows&quot;:&quot;yes&quot;,&quot;pagination&quot;:&quot;bullets&quot;,&quot;speed&quot;:500,&quot;autoplay&quot;:&quot;yes&quot;,&quot;autoplay_speed&quot;:5000,&quot;loop&quot;:&quot;yes&quot;,&quot;pause_on_hover&quot;:&quot;yes&quot;,&quot;pause_on_interaction&quot;:&quot;yes&quot;,&quot;space_between&quot;:{&quot;unit&quot;:&quot;px&quot;,&quot;size&quot;:10,&quot;sizes&quot;:[]},&quot;space_between_tablet&quot;:{&quot;unit&quot;:&quot;px&quot;,&quot;size&quot;:10,&quot;sizes&quot;:[]},&quot;space_between_mobile&quot;:{&quot;unit&quot;:&quot;px&quot;,&quot;size&quot;:10,&quot;sizes&quot;:[]}}\" data-widget_type=\"media-carousel.default\">\n\t\t\t\t<div class=\"elementor-widget-container\">\n\t\t\t\t\t\t\t\t\t<div class=\"elementor-swiper\">\n\t\t\t\t\t<div class=\"elementor-main-swiper swiper\" role=\"region\" aria-roledescription=\"carousel\" aria-label=\"Slider\">\n\t\t\t\t<div class=\"swiper-wrapper\">\n\t\t\t\t\t\t\t\t\t\t\t<div class=\"swiper-slide\" role=\"group\" aria-roledescription=\"slide\">\n\t\t\t\t\t\t\t\t\t<div class=\"elementor-carousel-image\" role=\"img\" aria-label=\"IMG-20240229-WA0011(1) Kopie\" style=\"background-image: url(&#039;https:\/\/minciospace.at\/wp\/wp-content\/uploads\/2024\/12\/IMG-20240229-WA00111-Kopie-e1733739828917.jpg&#039;)\">\n\n\t\t\t\n\t\t\t\t\t<\/div>\n\t\t\t\t\t\t\t\t<\/div>\n\t\t\t\t\t\t\t\t\t\t\t<div class=\"swiper-slide\" role=\"group\" aria-roledescription=\"slide\">\n\t\t\t\t\t\t\t\t\t<div class=\"elementor-carousel-image\" role=\"img\" aria-label=\"KLANGBRU\u0308CKEN_2024_NataliGlis\u030cic\u0301_157\" style=\"background-image: url(&#039;https:\/\/minciospace.at\/wp\/wp-content\/uploads\/2024\/11\/KLANGBRUeCKEN_2024_NataliGlisic_157-scaled.jpg&#039;)\">\n\n\t\t\t\n\t\t\t\t\t<\/div>\n\t\t\t\t\t\t\t\t<\/div>\n\t\t\t\t\t\t\t\t\t\t\t<div class=\"swiper-slide\" role=\"group\" aria-roledescription=\"slide\">\n\t\t\t\t\t\t\t\t\t<div class=\"elementor-carousel-image\" role=\"img\" aria-label=\"(c) Constanze Karacsonyi\" style=\"background-image: url(&#039;https:\/\/minciospace.at\/wp\/wp-content\/uploads\/2024\/05\/IMG_3732.jpg&#039;)\">\n\n\t\t\t\n\t\t\t\t\t<\/div>\n\t\t\t\t\t\t\t\t<\/div>\n\t\t\t\t\t\t\t\t\t\t\t<div class=\"swiper-slide\" role=\"group\" aria-roledescription=\"slide\">\n\t\t\t\t\t\t\t\t\t<div class=\"elementor-carousel-image\" role=\"img\" aria-label=\"Home-2\" style=\"background-image: url(&#039;https:\/\/minciospace.at\/wp\/wp-content\/uploads\/2022\/09\/Home-2.jpg&#039;)\">\n\n\t\t\t\n\t\t\t\t\t<\/div>\n\t\t\t\t\t\t\t\t<\/div>\n\t\t\t\t\t\t\t\t\t\t\t<div class=\"swiper-slide\" role=\"group\" aria-roledescription=\"slide\">\n\t\t\t\t\t\t\t\t\t<div class=\"elementor-carousel-image\" role=\"img\" aria-label=\"KLANGBRU\u0308CKEN_2024_NataliGlis\u030cic\u0301_80\" style=\"background-image: url(&#039;https:\/\/minciospace.at\/wp\/wp-content\/uploads\/2024\/11\/KLANGBRUeCKEN_2024_NataliGlisic_80-scaled.jpg&#039;)\">\n\n\t\t\t\n\t\t\t\t\t<\/div>\n\t\t\t\t\t\t\t\t<\/div>\n\t\t\t\t\t\t\t\t\t\t\t<div class=\"swiper-slide\" role=\"group\" aria-roledescription=\"slide\">\n\t\t\t\t\t\t\t\t\t<div class=\"elementor-carousel-image\" role=\"img\" aria-label=\"20240522_121635 Kopie\" style=\"background-image: url(&#039;https:\/\/minciospace.at\/wp\/wp-content\/uploads\/2024\/12\/20240522_121635-Kopie-scaled.jpg&#039;)\">\n\n\t\t\t\n\t\t\t\t\t<\/div>\n\t\t\t\t\t\t\t\t<\/div>\n\t\t\t\t\t\t\t\t\t\t\t<div class=\"swiper-slide\" role=\"group\" aria-roledescription=\"slide\">\n\t\t\t\t\t\t\t\t\t<div class=\"elementor-carousel-image\" role=\"img\" aria-label=\"IMG_9365 Kopie\" style=\"background-image: url(&#039;https:\/\/minciospace.at\/wp\/wp-content\/uploads\/2024\/12\/IMG_9365-Kopie-scaled.jpg&#039;)\">\n\n\t\t\t\n\t\t\t\t\t<\/div>\n\t\t\t\t\t\t\t\t<\/div>\n\t\t\t\t\t\t\t\t\t\t\t<div class=\"swiper-slide\" role=\"group\" aria-roledescription=\"slide\">\n\t\t\t\t\t\t\t\t\t<div class=\"elementor-carousel-image\" role=\"img\" aria-label=\"KLANGBRU\u0308CKEN_2024_NataliGlis\u030cic\u0301_97\" style=\"background-image: url(&#039;https:\/\/minciospace.at\/wp\/wp-content\/uploads\/2024\/11\/KLANGBRUeCKEN_2024_NataliGlisic_97-scaled.jpg&#039;)\">\n\n\t\t\t\n\t\t\t\t\t<\/div>\n\t\t\t\t\t\t\t\t<\/div>\n\t\t\t\t\t\t\t\t\t\t\t<div class=\"swiper-slide\" role=\"group\" aria-roledescription=\"slide\">\n\t\t\t\t\t\t\t\t\t<div class=\"elementor-carousel-image\" role=\"img\" aria-label=\"IMG-20240813-WA0004\" style=\"background-image: url(&#039;https:\/\/minciospace.at\/wp\/wp-content\/uploads\/2024\/12\/IMG-20240813-WA0004.jpg&#039;)\">\n\n\t\t\t\n\t\t\t\t\t<\/div>\n\t\t\t\t\t\t\t\t<\/div>\n\t\t\t\t\t\t\t\t\t\t\t<div class=\"swiper-slide\" role=\"group\" aria-roledescription=\"slide\">\n\t\t\t\t\t\t\t\t\t<div class=\"elementor-carousel-image\" role=\"img\" aria-label=\"KLANGBRU\u0308CKEN_2024_NataliGlis\u030cic\u0301_154\" style=\"background-image: url(&#039;https:\/\/minciospace.at\/wp\/wp-content\/uploads\/2024\/11\/KLANGBRUeCKEN_2024_NataliGlisic_154-scaled.jpg&#039;)\">\n\n\t\t\t\n\t\t\t\t\t<\/div>\n\t\t\t\t\t\t\t\t<\/div>\n\t\t\t\t\t\t\t\t\t<\/div>\n\t\t\t\t\t\t\t\t\t\t\t\t\t\t\t<div class=\"elementor-swiper-button elementor-swiper-button-prev\" role=\"button\" tabindex=\"0\" aria-label=\"Voriger\">\n\t\t\t\t\t\t\t<i aria-hidden=\"true\" class=\"eicon-chevron-left\"><\/i>\t\t\t\t\t\t<\/div>\n\t\t\t\t\t\t<div class=\"elementor-swiper-button elementor-swiper-button-next\" role=\"button\" tabindex=\"0\" aria-label=\"N\u00e4chster\">\n\t\t\t\t\t\t\t<i aria-hidden=\"true\" class=\"eicon-chevron-right\"><\/i>\t\t\t\t\t\t<\/div>\n\t\t\t\t\t\t\t\t\t\t\t\t\t\t\t\t<div class=\"swiper-pagination\"><\/div>\n\t\t\t\t\t\t\t\t\t\t\t\t<\/div>\n\t\t\t\t<\/div>\n\t\t\t\t\t\t\t\t<\/div>\n\t\t\t\t<\/div>\n\t\t\t\t<div class=\"elementor-element elementor-element-55ad5bb elementor-align-center elementor-widget elementor-widget-button\" data-id=\"55ad5bb\" data-element_type=\"widget\" data-widget_type=\"button.default\">\n\t\t\t\t<div class=\"elementor-widget-container\">\n\t\t\t\t\t\t\t\t\t<div class=\"elementor-button-wrapper\">\n\t\t\t\t\t<a class=\"elementor-button elementor-button-link elementor-size-sm\" href=\"https:\/\/minciospace.at\/en\/zwischennutzung-2\/\">\n\t\t\t\t\t\t<span class=\"elementor-button-content-wrapper\">\n\t\t\t\t\t\t\t\t\t<span class=\"elementor-button-text\">More info<\/span>\n\t\t\t\t\t<\/span>\n\t\t\t\t\t<\/a>\n\t\t\t\t<\/div>\n\t\t\t\t\t\t\t\t<\/div>\n\t\t\t\t<\/div>\n\t\t\t\t\t<\/div>\n\t\t<\/div>\n\t\t\t\t\t<\/div>\n\t\t<\/section>\n\t\t\t\t<\/div>","protected":false},"excerpt":{"rendered":"<p>minciospace_ ZUKUNFT Zukunft Unsere Idee Die Vision eines akustisch hochwertigen und nachhaltigen Kulturgeb\u00e4udes, das eine gro\u00dfe Bed\u00fcrfnisl\u00fccke innerhalb der freien Musikszene in Wien f\u00fcllt, treibt uns an. Mit unserem Vorhaben [&hellip;]<\/p>","protected":false},"author":1,"featured_media":0,"parent":0,"menu_order":0,"comment_status":"closed","ping_status":"closed","template":"","meta":{"footnotes":""},"class_list":["post-5047","page","type-page","status-publish","hentry"],"_links":{"self":[{"href":"https:\/\/minciospace.at\/en\/wp-json\/wp\/v2\/pages\/5047","targetHints":{"allow":["GET"]}}],"collection":[{"href":"https:\/\/minciospace.at\/en\/wp-json\/wp\/v2\/pages"}],"about":[{"href":"https:\/\/minciospace.at\/en\/wp-json\/wp\/v2\/types\/page"}],"author":[{"embeddable":true,"href":"https:\/\/minciospace.at\/en\/wp-json\/wp\/v2\/users\/1"}],"replies":[{"embeddable":true,"href":"https:\/\/minciospace.at\/en\/wp-json\/wp\/v2\/comments?post=5047"}],"version-history":[{"count":48,"href":"https:\/\/minciospace.at\/en\/wp-json\/wp\/v2\/pages\/5047\/revisions"}],"predecessor-version":[{"id":6858,"href":"https:\/\/minciospace.at\/en\/wp-json\/wp\/v2\/pages\/5047\/revisions\/6858"}],"wp:attachment":[{"href":"https:\/\/minciospace.at\/en\/wp-json\/wp\/v2\/media?parent=5047"}],"curies":[{"name":"wp","href":"https:\/\/api.w.org\/{rel}","templated":true}]}}